{"id":19,"date":"2014-11-10T06:06:52","date_gmt":"2014-11-10T06:06:52","guid":{"rendered":"http:\/\/www.gap-ticket.de\/?page_id=19"},"modified":"2026-02-18T14:44:47","modified_gmt":"2026-02-18T13:44:47","slug":"startseite-2","status":"publish","type":"page","link":"https:\/\/www.gap-ticket.de\/","title":{"rendered":"Herzlich willkommen!"},"content":{"rendered":"<h3 style=\"text-align: left;\"><span style=\"color: #000000;\"><strong>Sie sind auf der Suche nach Eintrittskarten?<\/strong><\/span><\/h3>\n<h3 style=\"text-align: left;\"><strong><span style=\"color: #000000;\">Dann sind Sie bei uns ganu richtig!<br \/><\/span><\/strong><\/h3>\n<h3 style=\"text-align: left;\"><strong><span style=\"color: #000000;\">Wir sind die \u00f6rtliche Vorverkaufsstelle in<\/span><\/strong><strong><span style=\"color: #000000;\"> Garmisch-Partenkirchen. <\/span><\/strong><strong><span style=\"color: #000000;\">Bei uns erhalten Sie Eintrittskarten f\u00fcr Veranstaltungen in und um\u00a0\u00a0\u00a0\u00a0 <\/span><\/strong><strong><span style=\"color: #000000;\">Garmisch-Partenkirchen, regional sowie deutschlandweit.<br \/><\/span><\/strong><\/h3>\n<h1 style=\"text-align: center;\"><strong><span style=\"color: #000000;\">Bestellung? Kein Problem!<br \/><\/span><\/strong><\/h1>\n<h3 style=\"text-align: left;\"><strong><span style=\"color: #000000;\">Dies k\u00f6nnen Sie \u00fcber unseren Online-Shop erledigen. Falls Sie Ihre gew\u00fcnschte Veranstaltung nicht finden, rufen Sie uns unter 08821 \/ 7301995 an oder kontaktieren uns per Mail\u00a0 \u00a0 \u00a0 \u00a0 \u00a0 \u00a0 \u00a0 \u00a0 \u00a0 \u00a0 \u00a0 \u00a0 \u00a0 \u00a0 \u00a0 \u00a0 \u00a0 \u00a0 info@gap-ticket.de<\/span><\/strong><\/h3>\n<h3 style=\"text-align: left;\"><strong><span style=\"color: #000000;\">Wir freuen uns auch \u00fcber einen pers\u00f6nlichen Besuch in unserem B\u00fcro.<\/span><\/strong><\/h3>\n<h3 style=\"text-align: left;\"><strong><span style=\"color: #000000;\">Ihr GAP-Ticket Team,<\/span><\/strong><\/h3>\n<h3 style=\"text-align: left;\"><span style=\"color: #0000ff;\"><strong>Monika und Stefanie<\/strong><\/span><\/h3>\n<h1><span style=\"color: #ff0000;\"><strong>Auf der Suche nach einem sch\u00f6nen Event oder einem Geschenk?<br \/><\/strong><\/span><\/h1>\n<h1><span style=\"color: #ff0000;\"><strong>Wir haben die L\u00f6sung!<\/strong><\/span><\/h1>\n<h1><span style=\"color: #ff0000;\"><strong>Bei uns erhalten Sie Geschenkgutscheine, <\/strong><strong>die f\u00fcr alle Veranstaltunge einl\u00f6sbar sind.<\/strong><\/span><\/h1>\n<h1><span style=\"color: #ff0000;\"><strong>oder Sie besuchen unseren Onlineshop!<\/strong><\/span><\/h1>\n<h3><span style=\"color: #0000ff;\"><strong>Liebe Kunden! Aus betrieblichen Gr\u00fcnden ist unser B\u00fcro vorr\u00fcbergehend nur Vormittags von 09:30 &#8211; 13:00 Uhr ge\u00f6ffnet.<\/strong><\/span><\/h3>\n<h3><span style=\"color: #0000ff;\"><strong>Samstag von 09:30 &#8211; 12:00 Uhr<\/strong><\/span><\/h3>\n<h3><span style=\"color: #0000ff;\"><span style=\"color: #0000ff;\">Gelegentlich sind wir auch Nachmittag pers\u00f6nlich anzufinden. Sie k\u00f6nnen uns jederzeit per Mail unter <span style=\"color: #000000;\">info@gap-ticket.de<\/span> Ihr anliegen senden.<\/span><\/span><\/h3>\n<h3>Wir bitten um Ihr Verst\u00e4ndnis. Ihr GAP-Ticket Team<\/h3>\n<p>\u00a0<\/p>\n<h3><strong><span style=\"color: #ff0000;\">Unsere \u00d6ffnungszeiten:<\/span><\/strong><\/h3>\n<ul>\n<li>\n<h3><span style=\"color: #ff0000;\"><strong>Montag | Dienstag | Donnerstag | Freitag<\/strong><\/span><span style=\"color: #ff0000;\"><strong> 09:30 &#8211; 16:30 Uhr<\/strong><\/span><\/h3>\n<\/li>\n<li>\n<h3><span style=\"color: #ff0000;\"><strong>Mittwoch\u00a0 09:30 &#8211; 14:00 Uhr<\/strong><\/span><\/h3>\n<\/li>\n<li>\n<h3><span style=\"color: #ff0000;\"><strong>Samstag\u00a0\u00a0 09:30 &#8211; 12:00 Uhr<\/strong><\/span><\/h3>\n<\/li>\n<\/ul>\n<div class=\"elementor-element elementor-element-d01a72d elementor-alert-warning elementor-widget elementor-widget-alert\" data-id=\"d01a72d\" data-element_type=\"widget\" data-widget_type=\"alert.default\">\n<div class=\"elementor-widget-container\">\n<h4 class=\"elementor-alert\" role=\"alert\"><span style=\"color: #3366ff;\"><strong><span class=\"elementor-alert-title\">Bitte beachten Sie,<\/span> <span class=\"elementor-alert-description\">bei Online-Bestellungen direkt bei M\u00fcnchen-Ticket erg\u00e4nzt sich der Ticketpreis um 1,00 \u20ac Systemgeb\u00fchr pro Karte ab einen Ticketpreis von \u20ac 25,00<\/span><\/strong><\/span><\/h4>\n<\/div>\n<\/div>\n<p><span style=\"color: #ff0000;\"><strong>\u00a0<\/strong><\/span><\/p>\n<p>\u00a0<\/p>\n<p><strong>\u00a0<\/strong><\/p>\n<p>\u00a0<\/p>\n<h4>\u00a0<\/h4>\n<p>\u00a0<\/p>\n<h3 style=\"text-align: center;\"><span style=\"color: #ff0000;\"><strong>\u00a0<\/strong><\/span><\/h3>\n<p>\u00a0<\/p>\n<p><span style=\"color: #ff6600;\"><strong>\u00a0<\/strong><\/span><\/p>\n<p>\u00a0<\/p>\n<p style=\"text-align: center;\">\u00a0<\/p>\n\n\n\n\n<p><\/p>\n","protected":false},"excerpt":{"rendered":"<p>Sie sind auf der Suche nach Eintrittskarten? Dann sind Sie bei uns ganu richtig! Wir sind die \u00f6rtliche Vorverkaufsstelle in Garmisch-Partenkirchen. Bei uns erhalten Sie Eintrittskarten f\u00fcr Veranstaltungen in und um\u00a0\u00a0\u00a0\u00a0 Garmisch-Partenkirchen, regional sowie deutschlandweit. Bestellung? Kein Problem! Dies k\u00f6nnen Sie \u00fcber unseren Online-Shop erledigen. Falls Sie Ihre gew\u00fcnschte Veranstaltung nicht finden, rufen Sie uns [&hellip;]<\/p>\n","protected":false},"author":1,"featured_media":0,"parent":0,"menu_order":0,"comment_status":"closed","ping_status":"closed","template":"","meta":[],"_links":{"self":[{"href":"https:\/\/www.gap-ticket.de\/index.php?rest_route=\/wp\/v2\/pages\/19"}],"collection":[{"href":"https:\/\/www.gap-ticket.de\/index.php?rest_route=\/wp\/v2\/pages"}],"about":[{"href":"https:\/\/www.gap-ticket.de\/index.php?rest_route=\/wp\/v2\/types\/page"}],"author":[{"embeddable":true,"href":"https:\/\/www.gap-ticket.de\/index.php?rest_route=\/wp\/v2\/users\/1"}],"replies":[{"embeddable":true,"href":"https:\/\/www.gap-ticket.de\/index.php?rest_route=%2Fwp%2Fv2%2Fcomments&post=19"}],"version-history":[{"count":472,"href":"https:\/\/www.gap-ticket.de\/index.php?rest_route=\/wp\/v2\/pages\/19\/revisions"}],"predecessor-version":[{"id":3731,"href":"https:\/\/www.gap-ticket.de\/index.php?rest_route=\/wp\/v2\/pages\/19\/revisions\/3731"}],"wp:attachment":[{"href":"https:\/\/www.gap-ticket.de\/index.php?rest_route=%2Fwp%2Fv2%2Fmedia&parent=19"}],"curies":[{"name":"wp","href":"https:\/\/api.w.org\/{rel}","templated":true}]}}