{"id":24,"date":"2014-11-10T06:17:14","date_gmt":"2014-11-10T06:17:14","guid":{"rendered":"http:\/\/www.gap-ticket.de\/?page_id=24"},"modified":"2026-02-18T14:47:29","modified_gmt":"2026-02-18T13:47:29","slug":"impressum","status":"publish","type":"page","link":"https:\/\/www.gap-ticket.de\/?page_id=24","title":{"rendered":"Impressum"},"content":{"rendered":"<h4><span style=\"color: #000000;\"><strong>Angaben<\/strong><\/span><\/h4>\n<p><span style=\"color: #000000;\"><strong>GAP-Ticket<\/strong><\/span><br \/>\n<span style=\"color: #000000;\"><strong> Richard-Strauss-Platz 1<\/strong><\/span><br \/>\n<span style=\"color: #000000;\"><strong> 82467 Garmisch-Partenkirchen<\/strong><\/span><br \/>\n<span style=\"color: #000000;\"><strong> Vertreten durch:<\/strong><\/span><br \/>\n<span style=\"color: #000000;\"><strong> Marcus Homolka<\/strong><\/span><\/p>\n<h5><span style=\"color: #000000;\"><strong>Kontakt<\/strong><\/span><\/h5>\n<h5><span style=\"color: #000000;\"><strong>Telefon: +49 (0) 88 21\u00a0&#8211; 730 1995<\/strong><\/span><br \/>\n<span style=\"color: #000000;\"><strong> Telefax:\u00a0 +49 (0) 88 21\u00a0&#8211; 730 1996<\/strong><\/span><br \/>\n<span style=\"color: #000000;\"><strong> E-Mail:\u00a0\u00a0\u00a0 <a style=\"color: #000000;\" href=\"mailto:info@gap-ticket.de\">info@gap-ticket.de<\/a><\/strong><\/span><\/h5>\n<h5><span style=\"color: #ff0000;\"><strong>Liebe Kunden! Aus betrieblichen Gr\u00fcnden ist unser B\u00fcro vorr\u00fcbergehend nur Vormittags von 09:30 &#8211; 13:00 Uhr ge\u00f6ffnet.<\/strong><\/span><\/h5>\n<h5><span style=\"color: #ff0000;\"><strong>Samstag von 09:30 &#8211; 12:00 Uhr<\/strong><\/span><\/h5>\n<h5><span style=\"color: #ff0000;\">Gelegentlich sind wir auch Nachmittag pers\u00f6nlich anzufinden. Sie k\u00f6nnen uns jederzeit per Mail unter<\/span><\/h5>\n<h5><span style=\"color: #ff0000;\"><span style=\"color: #000000;\"> info@gap-ticket.de\u00a0<\/span> \u00a0 \u00a0 Ihr anliegen senden.<\/span><\/h5>\n<h5><span style=\"color: #ff0000;\">Wir bitten um Ihr Verst\u00e4ndnis. Ihr GAP-Ticket Team<\/span><\/h5>\n<h5><span style=\"color: #000000;\"><strong>\u00d6FFNUNGSZEITEN:<\/strong><\/span><\/h5>\n<ul>\n<li><span style=\"color: #000000;\"><strong>Montag\u00a0\u00a0\u00a0\u00a0\u00a0\u00a0\u00a0 09:30 &#8211; 16:30 Uhr<\/strong><\/span><\/li>\n<li><span style=\"color: #000000;\"><strong>Dienstag\u00a0\u00a0\u00a0\u00a0\u00a0 09:30 &#8211; 16:30 Uhr<\/strong><\/span><\/li>\n<li><span style=\"color: #000000;\"><strong>Mittwoch\u00a0\u00a0\u00a0\u00a0 09:30 &#8211; 14:00 Uhr\u00a0\u00a0 Nachmittags geschlossen<\/strong><\/span><\/li>\n<li><span style=\"color: #000000;\"><strong>Donnerstag 09.30 &#8211; 16:30 Uhr<\/strong><\/span><\/li>\n<li><span style=\"color: #000000;\"><strong>Freitag\u00a0\u00a0\u00a0\u00a0\u00a0\u00a0\u00a0\u00a0 09:30 &#8211; 16:30 Uhr<\/strong><\/span><\/li>\n<li><span style=\"color: #000000;\"><strong>Samstag \u00a0 \u00a0\u00a0 09:30 &#8211; 12:00 Uhr<\/strong><\/span><\/li>\n<\/ul>\n<p><span style=\"color: #000000;\"><strong>Bankverbindung:\u00a0<\/strong><\/span><\/p>\n<p><span style=\"color: #000000;\"><strong>GAP-Ticket\u00a0\u00a0 Inh. Marcus Homolka<\/strong><\/span><\/p>\n<h5><span style=\"color: #000000;\"><strong>Sparkasse Oberland<\/strong><\/span><\/h5>\n<p><span style=\"color: #000000;\"><strong><span style=\"color: #ff0000;\">IBAN\u00a0\u00a0 DE61 7035 1030 0011 1746 12<\/span><\/strong><\/span><\/p>\n<p><span style=\"color: #ff0000;\"><strong>BIC:\u00a0 BYLADEM1WHM<\/strong><\/span><\/p>\n<p><strong>Steuer-Nummer 119\/ 230 \/ 70348<\/strong><\/p>\n<h5><span style=\"color: #000000;\"><strong>Design<\/strong><\/span><\/h5>\n<h5><span style=\"color: #000000;\"><strong><img loading=\"lazy\" class=\"alignnone size-full wp-image-28\" src=\"http:\/\/www.gap-ticket.de\/wp-content\/uploads\/2014\/11\/IT-Hias.png\" alt=\"IT-Hias\" width=\"75\" height=\"32\" \/><\/strong><\/span><\/h5>\n<p><span style=\"color: #000000;\"><strong>Matthias Millian<\/strong><\/span><br \/>\n<span style=\"color: #000000;\"><strong>Mittenwalder Stra\u00dfe 17<\/strong><\/span><br \/>\n<span style=\"color: #000000;\"><strong>82467 Garmisch-Partenkirchen<\/strong><\/span><\/p>\n<p><span style=\"color: #000000;\"><strong>Telefon: +49 (0) 88 21 &#8211; 96 68 91 9<\/strong><\/span><br \/>\n<span style=\"color: #000000;\"><strong>Telefax: +49 (0) 88 21 &#8211; 78 18 50 3<\/strong><\/span><\/p>\n<p><span style=\"color: #000000;\"><strong>e-Mail: <a style=\"color: #000000;\" href=\"mailto:info@it-hias.de\">info@it-hias.de<\/a><\/strong><\/span><br \/>\n<span style=\"color: #000000;\"><strong><a style=\"color: #000000;\" href=\"http:\/\/www.it-hias.de\/\" target=\"_blank\" rel=\"noopener\">www.it-hias.de<\/a><\/strong><\/span><\/p>\n<h2>Haftungsausschluss<\/h2>\n<h3>Haftung f\u00fcr Inhalte<\/h3>\n<p>Als Diensteanbieter sind wir gem\u00e4\u00df \u00a7 7 Abs.1 DDG f\u00fcr eigene Inhalte auf diesen Seiten nach den allgemeinen Gesetzen verantwortlich. Nach \u00a7\u00a7 8 bis 10 DDG sind wir als Diensteanbieter jedoch nicht verpflichtet, \u00fcbermittelte oder gespeicherte fremde Informationen zu \u00fcberwachen oder nach Umst\u00e4nden zu forschen, die auf eine rechtswidrige T\u00e4tigkeit hinweisen.<\/p>\n<p>Verpflichtungen zur Entfernung oder Sperrung der Nutzung von Informationen nach den allgemeinen Gesetzen bleiben hiervon unber\u00fchrt. Eine diesbez\u00fcgliche Haftung ist jedoch erst ab dem Zeitpunkt der Kenntnis einer konkreten Rechtsverletzung m\u00f6glich. Bei Bekanntwerden von entsprechenden Rechtsverletzungen werden wir diese Inhalte umgehend entfernen.<\/p>\n<h3>Haftung f\u00fcr Links<\/h3>\n<p>Unser Angebot enth\u00e4lt Links zu externen Webseiten Dritter, auf deren Inhalte wir keinen Einfluss haben. Deshalb k\u00f6nnen wir f\u00fcr diese fremden Inhalte auch keine Gew\u00e4hr \u00fcbernehmen. F\u00fcr die Inhalte der verlinkten Seiten ist stets der jeweilige Anbieter oder Betreiber der Seiten verantwortlich. Die verlinkten Seiten wurden zum Zeitpunkt der Verlinkung auf m\u00f6gliche Rechtsverst\u00f6\u00dfe \u00fcberpr\u00fcft. Rechtswidrige Inhalte waren zum Zeitpunkt der Verlinkung nicht erkennbar. Eine permanente inhaltliche Kontrolle der verlinkten Seiten ist jedoch ohne konkrete Anhaltspunkte einer Rechtsverletzung nicht zumutbar. Bei Bekanntwerden von Rechtsverletzungen werden wir derartige Links umgehend entfernen.<\/p>\n<h3>Urheberrecht<\/h3>\n<p>Die durch die Seitenbetreiber erstellten Inhalte und Werke auf diesen Seiten unterliegen dem deutschen Urheberrecht. Die Vervielf\u00e4ltigung, Bearbeitung, Verbreitung und jede Art der Verwertung au\u00dferhalb der Grenzen des Urheberrechtes bed\u00fcrfen der schriftlichen Zustimmung des jeweiligen Autors bzw. Erstellers. Downloads und Kopien dieser Seite sind nur f\u00fcr den privaten, nicht kommerziellen Gebrauch gestattet. Soweit die Inhalte auf dieser Seite nicht vom Betreiber erstellt wurden, werden die Urheberrechte Dritter beachtet. Insbesondere werden Inhalte Dritter als solche gekennzeichnet. Sollten Sie trotzdem auf eine Urheberrechtsverletzung aufmerksam werden, bitten wir um einen entsprechenden Hinweis. Bei Bekanntwerden von Rechtsverletzungen werden wir derartige Inhalte umgehend entfernen.<\/p>\n<h3>Beschwerdeverfahren<\/h3>\n<p>Online-Streitbeilegung gem\u00e4\u00df Art. 14 Abs. 1 ODR-VO: Die Europ\u00e4ische Kommission stellt eine Plattform zur Online-Streitbeilegung (OS) bereit, die Sie unter <a class=\"external\" href=\"http:\/\/ec.europa.eu\/consumers\/odr\/\" target=\"_blank\" rel=\"nofollow noopener noreferrer\">http:\/\/ec.europa.eu\/consumers\/odr\/<\/a> finden.<\/p>\n<p>Wir sind nicht bereit oder verpflichtet, an Streitbeilegungsverfahren vor einer Verbraucherschlichtungsstelle teilzunehmen.<\/p>\n","protected":false},"excerpt":{"rendered":"<p>Angaben GAP-Ticket Richard-Strauss-Platz 1 82467 Garmisch-Partenkirchen Vertreten durch: Marcus Homolka Kontakt Telefon: +49 (0) 88 21\u00a0&#8211; 730 1995 Telefax:\u00a0 +49 (0) 88 21\u00a0&#8211; 730 1996 E-Mail:\u00a0\u00a0\u00a0 info@gap-ticket.de Liebe Kunden! Aus betrieblichen Gr\u00fcnden ist unser B\u00fcro vorr\u00fcbergehend nur Vormittags von 09:30 &#8211; 13:00 Uhr ge\u00f6ffnet. Samstag von 09:30 &#8211; 12:00 Uhr Gelegentlich sind wir auch Nachmittag [&hellip;]<\/p>\n","protected":false},"author":1,"featured_media":0,"parent":0,"menu_order":999,"comment_status":"closed","ping_status":"closed","template":"","meta":[],"_links":{"self":[{"href":"https:\/\/www.gap-ticket.de\/index.php?rest_route=\/wp\/v2\/pages\/24"}],"collection":[{"href":"https:\/\/www.gap-ticket.de\/index.php?rest_route=\/wp\/v2\/pages"}],"about":[{"href":"https:\/\/www.gap-ticket.de\/index.php?rest_route=\/wp\/v2\/types\/page"}],"author":[{"embeddable":true,"href":"https:\/\/www.gap-ticket.de\/index.php?rest_route=\/wp\/v2\/users\/1"}],"replies":[{"embeddable":true,"href":"https:\/\/www.gap-ticket.de\/index.php?rest_route=%2Fwp%2Fv2%2Fcomments&post=24"}],"version-history":[{"count":47,"href":"https:\/\/www.gap-ticket.de\/index.php?rest_route=\/wp\/v2\/pages\/24\/revisions"}],"predecessor-version":[{"id":3734,"href":"https:\/\/www.gap-ticket.de\/index.php?rest_route=\/wp\/v2\/pages\/24\/revisions\/3734"}],"wp:attachment":[{"href":"https:\/\/www.gap-ticket.de\/index.php?rest_route=%2Fwp%2Fv2%2Fmedia&parent=24"}],"curies":[{"name":"wp","href":"https:\/\/api.w.org\/{rel}","templated":true}]}}