{"id":241,"date":"2015-04-01T12:29:34","date_gmt":"2015-04-01T12:29:34","guid":{"rendered":"http:\/\/www.gap-ticket.de\/?page_id=241"},"modified":"2026-02-18T15:35:20","modified_gmt":"2026-02-18T14:35:20","slug":"mittenwald","status":"publish","type":"page","link":"https:\/\/www.gap-ticket.de\/?page_id=241","title":{"rendered":"F\u00fcssen"},"content":{"rendered":"\n<ul class=\"has-black-color has-text-color has-medium-font-size\"><li><strong> 21.02.2026  Die Schlagernacht im Allg\u00e4u<\/strong><\/li><li><strong>22.02.2026  BOYBAND SPEZIAL  mit Jan Ammann<\/strong><\/li><li><strong>27. + 08.03.2026  Zauberfl\u00f6te &#8211; Das Musical<\/strong><\/li><li><strong>13.03.2026  M\u00fcnchener Freiheit &#8211; Konzert<\/strong><\/li><li><strong>27. + 28.03.2026 Carmina Burana<\/strong><\/li><li><strong>04.04.2026  Immer wieder Sonntags mit Stefan Mross<\/strong><\/li><li><strong>09.06.+ 10.06.2026  Pretty Women &#8211; Das Musical<\/strong><\/li><li><strong>22.07.2026  NENA<\/strong> &#8211; <strong>Open Air<\/strong><\/li><li><strong>03.08.2026  Mark Forster &#8211; Open Air<\/strong><\/li><li><strong>06.08.2025  MONTEZ &#8211; Die 15 Jahre Montez &#8211; Tour<\/strong><\/li><li><strong>07.08.2026  Sarah Connor: Wilde N\u00e4chte &#8211; Open Air<\/strong><\/li><\/ul>\n\n\n\n<p class=\"has-black-color has-text-color has-large-font-size\"><strong>und das LUDWIG Musical ( diverse Termine )<\/strong><\/p>\n","protected":false},"excerpt":{"rendered":"<p>21.02.2026 Die Schlagernacht im Allg\u00e4u 22.02.2026 BOYBAND SPEZIAL mit Jan Ammann 27. + 08.03.2026 Zauberfl\u00f6te &#8211; Das Musical 13.03.2026 M\u00fcnchener Freiheit &#8211; Konzert 27. + 28.03.2026 Carmina Burana 04.04.2026 Immer wieder Sonntags mit Stefan Mross 09.06.+ 10.06.2026 Pretty Women &#8211; Das Musical 22.07.2026 NENA &#8211; Open Air 03.08.2026 Mark Forster &#8211; Open Air 06.08.2025 MONTEZ [&hellip;]<\/p>\n","protected":false},"author":3,"featured_media":0,"parent":39,"menu_order":36,"comment_status":"closed","ping_status":"closed","template":"","meta":[],"_links":{"self":[{"href":"https:\/\/www.gap-ticket.de\/index.php?rest_route=\/wp\/v2\/pages\/241"}],"collection":[{"href":"https:\/\/www.gap-ticket.de\/index.php?rest_route=\/wp\/v2\/pages"}],"about":[{"href":"https:\/\/www.gap-ticket.de\/index.php?rest_route=\/wp\/v2\/types\/page"}],"author":[{"embeddable":true,"href":"https:\/\/www.gap-ticket.de\/index.php?rest_route=\/wp\/v2\/users\/3"}],"replies":[{"embeddable":true,"href":"https:\/\/www.gap-ticket.de\/index.php?rest_route=%2Fwp%2Fv2%2Fcomments&post=241"}],"version-history":[{"count":72,"href":"https:\/\/www.gap-ticket.de\/index.php?rest_route=\/wp\/v2\/pages\/241\/revisions"}],"predecessor-version":[{"id":3764,"href":"https:\/\/www.gap-ticket.de\/index.php?rest_route=\/wp\/v2\/pages\/241\/revisions\/3764"}],"up":[{"embeddable":true,"href":"https:\/\/www.gap-ticket.de\/index.php?rest_route=\/wp\/v2\/pages\/39"}],"wp:attachment":[{"href":"https:\/\/www.gap-ticket.de\/index.php?rest_route=%2Fwp%2Fv2%2Fmedia&parent=241"}],"curies":[{"name":"wp","href":"https:\/\/api.w.org\/{rel}","templated":true}]}}