{"id":33,"date":"2014-11-10T06:40:12","date_gmt":"2014-11-10T06:40:12","guid":{"rendered":"http:\/\/www.gap-ticket.de\/?page_id=33"},"modified":"2026-02-18T15:33:56","modified_gmt":"2026-02-18T14:33:56","slug":"kontakt","status":"publish","type":"page","link":"https:\/\/www.gap-ticket.de\/?page_id=33","title":{"rendered":"Kontakt"},"content":{"rendered":"<p><span style=\"color: #000000;\"><strong>GAP-Ticket<\/strong><\/span><br \/>\n<span style=\"color: #000000;\"><strong> Richard-Strauss-Platz 1<\/strong><\/span><br \/>\n<span style=\"color: #000000;\"><strong> 82467 Garmisch-Partenkirchen<\/strong><\/span><\/p>\n<p><span style=\"color: #000000;\"><strong>Telefon: +49 (0) 88 21 &#8211; 730 1995<\/strong><\/span><br \/>\n<span style=\"color: #000000;\"><strong> Telefax:\u00a0 +49 (0) 88 21 &#8211; 730 1996<\/strong><\/span><br \/>\n<span style=\"color: #000000;\"><strong> E-Mail: <a style=\"color: #000000;\" href=\"mailto:info@gap-ticket.de\">info@gap-ticket.de<\/a><\/strong><\/span><\/p>\n<h5><strong>Bankverbindung:<\/strong><br \/>\n<strong>Sparkasse Oberland<\/strong><br \/>\n<strong>IBAN DE61 7035 1030 0011 1746 12<\/strong><br \/>\n<strong>BIC BYLADEM1WHM<\/strong><\/h5>\n<p><strong>Steuer-Nummer\u00a0 119 \/ 230 \/ 70348<\/strong><\/p>\n<p><strong><span style=\"color: #ff0000;\">Wir sind f\u00fcr Sie wie folgt pers\u00f6nlich zu erreichen:<\/span><\/strong><\/p>\n<p><span style=\"color: #3366ff;\"><strong>Liebe Kunden! Aus betrieblichen Gr\u00fcnden ist unser B\u00fc<\/strong><strong>ro vorr\u00fcbergehend nur Vormittag<\/strong><\/span><strong><span style=\"color: #3366ff;\"> von 09:30 &#8211; 13:00 Uhr<\/span> <span style=\"color: #3366ff;\">ge\u00f6ffnet.<\/span><\/strong><\/p>\n<p><span style=\"color: #3366ff;\"><strong>Samstag von 09:30 &#8211; 12:00 Uhr<\/strong><\/span><\/p>\n<p><strong><span style=\"color: #3366ff;\">Gelegentlich sind wir auch Nachmittag pers\u00f6nlich anzufinden. Sie k\u00f6nnen uns jederzeit per Mail unter<\/span> <\/strong><\/p>\n<p><span style=\"color: #3366ff;\"><strong>info@gap-ticket.de<\/strong><strong> Ihr A<\/strong><strong>nliegen senden.<\/strong><\/span><\/p>\n<p><span style=\"color: #3366ff;\"><strong>Wir bitten um Ihr Verst\u00e4ndnis. Ihr GAP-Ticket Team<\/strong><\/span><\/p>\n<p><span style=\"color: #000000;\"><strong>Montag | Dienstag | Donnerstag | Freitag\u00a0\u00a0\u00a0 09:30 Uhr &#8211; 16:30 Uhr\u00a0 durchgehend<\/strong><\/span><\/p>\n<p><span style=\"color: #000000;\"><strong>Mittwoch\u00a0 09:30 &#8211; 14:00 Uhr<\/strong><\/span><\/p>\n<p><strong><span style=\"color: #000000;\">Samstag\u00a0 09:30 &#8211; 12:00 Uhr<\/span><\/strong><\/p>\n<p><span style=\"color: #ff0000;\"><strong>(\u00a0 \u00c4nderungen vorbehalten )<\/strong><\/span><\/p>\n","protected":false},"excerpt":{"rendered":"<p>GAP-Ticket Richard-Strauss-Platz 1 82467 Garmisch-Partenkirchen Telefon: +49 (0) 88 21 &#8211; 730 1995 Telefax:\u00a0 +49 (0) 88 21 &#8211; 730 1996 E-Mail: info@gap-ticket.de Bankverbindung: Sparkasse Oberland IBAN DE61 7035 1030 0011 1746 12 BIC BYLADEM1WHM Steuer-Nummer\u00a0 119 \/ 230 \/ 70348 Wir sind f\u00fcr Sie wie folgt pers\u00f6nlich zu erreichen: Liebe Kunden! Aus betrieblichen Gr\u00fcnden [&hellip;]<\/p>\n","protected":false},"author":2,"featured_media":0,"parent":0,"menu_order":888,"comment_status":"closed","ping_status":"closed","template":"","meta":[],"_links":{"self":[{"href":"https:\/\/www.gap-ticket.de\/index.php?rest_route=\/wp\/v2\/pages\/33"}],"collection":[{"href":"https:\/\/www.gap-ticket.de\/index.php?rest_route=\/wp\/v2\/pages"}],"about":[{"href":"https:\/\/www.gap-ticket.de\/index.php?rest_route=\/wp\/v2\/types\/page"}],"author":[{"embeddable":true,"href":"https:\/\/www.gap-ticket.de\/index.php?rest_route=\/wp\/v2\/users\/2"}],"replies":[{"embeddable":true,"href":"https:\/\/www.gap-ticket.de\/index.php?rest_route=%2Fwp%2Fv2%2Fcomments&post=33"}],"version-history":[{"count":27,"href":"https:\/\/www.gap-ticket.de\/index.php?rest_route=\/wp\/v2\/pages\/33\/revisions"}],"predecessor-version":[{"id":3762,"href":"https:\/\/www.gap-ticket.de\/index.php?rest_route=\/wp\/v2\/pages\/33\/revisions\/3762"}],"wp:attachment":[{"href":"https:\/\/www.gap-ticket.de\/index.php?rest_route=%2Fwp%2Fv2%2Fmedia&parent=33"}],"curies":[{"name":"wp","href":"https:\/\/api.w.org\/{rel}","templated":true}]}}