{"id":372,"date":"2015-07-28T14:53:06","date_gmt":"2015-07-28T14:53:06","guid":{"rendered":"http:\/\/www.gap-ticket.de\/?page_id=372"},"modified":"2026-02-18T15:18:52","modified_gmt":"2026-02-18T14:18:52","slug":"lenggries","status":"publish","type":"page","link":"https:\/\/www.gap-ticket.de\/?page_id=372","title":{"rendered":"Benediktbeuern"},"content":{"rendered":"\n<ul class=\"has-medium-font-size\"><li><strong>18.07.2026  EISBRECHER OPEN AIR 2026<\/strong><\/li><li><strong>19.07.2026  NENA &#8211; LIVE on Tour<\/strong><\/li><li><strong>24.07.2026  Addnfahrer &#8211; Lausbuam Gschicht&#8217;n &#8211; Open Air<\/strong><\/li><li><strong>25.07.2026  Martin Frank &#8211; Gr\u00fc\u00dfe aus Allegro S\u00fcd<\/strong><\/li><\/ul>\n\n\n\n<p><\/p>\n","protected":false},"excerpt":{"rendered":"<p>18.07.2026 EISBRECHER OPEN AIR 2026 19.07.2026 NENA &#8211; LIVE on Tour 24.07.2026 Addnfahrer &#8211; Lausbuam Gschicht&#8217;n &#8211; Open Air 25.07.2026 Martin Frank &#8211; Gr\u00fc\u00dfe aus Allegro S\u00fcd<\/p>\n","protected":false},"author":3,"featured_media":0,"parent":39,"menu_order":45,"comment_status":"closed","ping_status":"closed","template":"","meta":[],"_links":{"self":[{"href":"https:\/\/www.gap-ticket.de\/index.php?rest_route=\/wp\/v2\/pages\/372"}],"collection":[{"href":"https:\/\/www.gap-ticket.de\/index.php?rest_route=\/wp\/v2\/pages"}],"about":[{"href":"https:\/\/www.gap-ticket.de\/index.php?rest_route=\/wp\/v2\/types\/page"}],"author":[{"embeddable":true,"href":"https:\/\/www.gap-ticket.de\/index.php?rest_route=\/wp\/v2\/users\/3"}],"replies":[{"embeddable":true,"href":"https:\/\/www.gap-ticket.de\/index.php?rest_route=%2Fwp%2Fv2%2Fcomments&post=372"}],"version-history":[{"count":57,"href":"https:\/\/www.gap-ticket.de\/index.php?rest_route=\/wp\/v2\/pages\/372\/revisions"}],"predecessor-version":[{"id":3756,"href":"https:\/\/www.gap-ticket.de\/index.php?rest_route=\/wp\/v2\/pages\/372\/revisions\/3756"}],"up":[{"embeddable":true,"href":"https:\/\/www.gap-ticket.de\/index.php?rest_route=\/wp\/v2\/pages\/39"}],"wp:attachment":[{"href":"https:\/\/www.gap-ticket.de\/index.php?rest_route=%2Fwp%2Fv2%2Fmedia&parent=372"}],"curies":[{"name":"wp","href":"https:\/\/api.w.org\/{rel}","templated":true}]}}