{"id":97,"date":"2014-11-15T15:21:36","date_gmt":"2014-11-15T15:21:36","guid":{"rendered":"http:\/\/www.gap-ticket.de\/?page_id=97"},"modified":"2026-02-18T15:21:58","modified_gmt":"2026-02-18T14:21:58","slug":"musik-im-pfaffenwinkel","status":"publish","type":"page","link":"https:\/\/www.gap-ticket.de\/?page_id=97","title":{"rendered":"Musik im Pfaffenwinkel"},"content":{"rendered":"\n<h5>Programm 2026 \u2013 \u00c4nderungen vorbehalten<\/h5>\n\n\n\n<h1>Konzert I \u2013 Samstag, 30. Mai 2026<\/h1>\n\n\n\n<h3><em>Wieskirche \u2013 19.00 Uhr<\/em><\/h3>\n\n\n\n<h2>Wolfgang Amadeus Mozart<\/h2>\n\n\n\n<p><strong>Sinfonie Nr. 40 in g-moll<\/strong><\/p>\n\n\n\n<h2>Samuel Barber<\/h2>\n\n\n\n<p><strong>Adagio for Strings<\/strong><\/p>\n\n\n\n<h2>Ludwig van Beethoven<\/h2>\n\n\n\n<p><strong>Messe in C-Dur f\u00fcr Orchester, Chor und Solisten<\/strong><\/p>\n\n\n\n<p><strong>Ausf\u00fchrende:<br><\/strong>Mitglieder des Bayerischen Staatsorchesters<br>Gemischter Chor im Pfaffenwinkel<br>Solisten des Opernstudios M\u00fcnchen<\/p>\n\n\n\n<p><strong>Dirigent: N.N.<\/strong><\/p>\n\n\n\n<hr class=\"wp-block-separator\"\/>\n\n\n\n<h1>Konzert II \u2013 Sonntag, 05. Juli 2026<\/h1>\n\n\n\n<h3><em>Wieskirche \u2013 19.30 Uhr<\/em><\/h3>\n\n\n\n<h2>Michael Haydn<\/h2>\n\n\n\n<p><strong>Requiem in c-moll<\/strong><\/p>\n\n\n\n<h2>Franz Schubert<\/h2>\n\n\n\n<p><strong>Gro\u00dfe C-Dur Sinfonie<\/strong><\/p>\n\n\n\n<p><strong>Ausf\u00fchrende:<br><\/strong>Mitglieder der M\u00fcnchner Philharmoniker<br>Solisten des Opernstudios M\u00fcnchen<br>Gemischter Chor im Pfaffenwinkel<\/p>\n\n\n\n<p><strong>Dirigent: N.N.<\/strong><\/p>\n\n\n\n<hr class=\"wp-block-separator\"\/>\n\n\n\n<h1>Konzerte III und IV<br>Samstag\/Sonntag, 5.\/6. Dezember 2026<\/h1>\n\n\n\n<h3><em>Wieskirche \u2013 16.00 Uhr<\/em><\/h3>\n\n\n\n<h2>Festliche Musik zum Advent<\/h2>\n\n\n\n<p><strong>Ausf\u00fchrende:<br><\/strong>Gesangs \u2013 und Instrumentalgruppen aus der Region<br>Gemischter Chor im Pfaffenwinkel<\/p>\n\n\n\n<p><strong>Advent:<br><\/strong>Advent kommt vom lateinischen Wort \u201eadventus\u201c und bedeutet<br>\u201eAnkunft\u201c. Der Advent verweist auf die Ankunft Jesu Christi, also die Menschwerdung Gottes auf Erden, dessen Geburt wir an Weihnachten feiern. Verbunden mit der erwarteten Geburt des Heilands ist unter Christen der Glaube an Erl\u00f6sung und Vergebung der S\u00fcnden. Dementsprechend genie\u00dft die Adventszeit bis heute den wunderbaren Charakter der N\u00e4chstenliebe, Vergebung und Gro\u00dfz\u00fcgigkeit.<br>Urspr\u00fcnglich wurde die Zeit der Vorbereitung auf Weihnachten mit Fasten und Bu\u00dfe durchgef\u00fchrt. Deshalb war der Advent eine sog. \u201egeschlossene Zeit\u201c, in der weder getanzt noch gefeiert werden durfte. Im Laufe der Jahrhunderte jedoch gewann das weihnachtlich-freudige Ankunftsmotiv Gottes auf Erden immer gr\u00f6\u00dferen Einfluss. Im katholischen Kirchenrecht wird das Fasten im Advent seit 1917 nicht mehr gefordert, sondern es steht das Gebet im Mittelpunkt. In dieser Hinsicht gilt der Advent als eine Zeit besonderer Andacht und innerer Einkehr.<br>Nachweisbar ist die Adventszeit seit Ende des 4. Jahrhunderts in Frankreich und Spanien und dauerte als Bu\u00dfzeit vor Weihnachten 40 Tage \u2013 genau wie die Fastenzeit vor Ostern. Papst Gregor (540 \u2013 604) wollte diese Zeit verk\u00fcrzen und legte die Zahl der Adventssonntage von sechs auf vier fest.<\/p>\n\n\n\n<p><strong>Die Tradition des Adventssingens:<br><\/strong>Das Singen und Musizieren geh\u00f6rte fr\u00fcher bei vielen Familien auf dem Land zum Jahreskreis, insbesondere in der Advents- und Weihnachtszeit, wenn die Arbeit auf den \u00c4ckern und Feldern ruhte. Aus diesem Musizieren im famili\u00e4ren Kreis heraus in die \u00d6ffentlichkeit trat das Adventssingen aber erst nach Ende des zweiten Weltkriegs. In Salzburg lud Tobi Reiser 1946 Freunde und Weggef\u00e4hrten zu einem adventlichen Musizieren und Singen ein. Das gleiche tat der bayerische Volksliedersammler Kiem Pauli ebenfalls 1946 im damals kriegszerst\u00f6rten M\u00fcnchen bei einem ersten Adventssingen mit einigen Gesangsgruppen in der Universit\u00e4t. Mit vertrauten Liedern und Kl\u00e4ngen wollten die Musiker etwas W\u00e4rme und Zuversicht in die Zeit nach dem schrecklichen Krieg bringen. Seit dem hat sich das \u00f6ffentliche Adventssingen immer weiter verbreitet und geh\u00f6rt mittlerweile f\u00fcr viele Menschen zum gelebten Brauchtum in der Weihnachtszeit.<\/p>\n","protected":false},"excerpt":{"rendered":"<p>Programm 2026 \u2013 \u00c4nderungen vorbehalten Konzert I \u2013 Samstag, 30. Mai 2026 Wieskirche \u2013 19.00 Uhr Wolfgang Amadeus Mozart Sinfonie Nr. 40 in g-moll Samuel Barber Adagio for Strings Ludwig van Beethoven Messe in C-Dur f\u00fcr Orchester, Chor und Solisten Ausf\u00fchrende:Mitglieder des Bayerischen StaatsorchestersGemischter Chor im PfaffenwinkelSolisten des Opernstudios M\u00fcnchen Dirigent: N.N. Konzert II \u2013 [&hellip;]<\/p>\n","protected":false},"author":3,"featured_media":0,"parent":0,"menu_order":40,"comment_status":"closed","ping_status":"closed","template":"","meta":[],"_links":{"self":[{"href":"https:\/\/www.gap-ticket.de\/index.php?rest_route=\/wp\/v2\/pages\/97"}],"collection":[{"href":"https:\/\/www.gap-ticket.de\/index.php?rest_route=\/wp\/v2\/pages"}],"about":[{"href":"https:\/\/www.gap-ticket.de\/index.php?rest_route=\/wp\/v2\/types\/page"}],"author":[{"embeddable":true,"href":"https:\/\/www.gap-ticket.de\/index.php?rest_route=\/wp\/v2\/users\/3"}],"replies":[{"embeddable":true,"href":"https:\/\/www.gap-ticket.de\/index.php?rest_route=%2Fwp%2Fv2%2Fcomments&post=97"}],"version-history":[{"count":98,"href":"https:\/\/www.gap-ticket.de\/index.php?rest_route=\/wp\/v2\/pages\/97\/revisions"}],"predecessor-version":[{"id":3759,"href":"https:\/\/www.gap-ticket.de\/index.php?rest_route=\/wp\/v2\/pages\/97\/revisions\/3759"}],"wp:attachment":[{"href":"https:\/\/www.gap-ticket.de\/index.php?rest_route=%2Fwp%2Fv2%2Fmedia&parent=97"}],"curies":[{"name":"wp","href":"https:\/\/api.w.org\/{rel}","templated":true}]}}